{"id":10,"date":"2018-08-31T14:10:55","date_gmt":"2018-08-31T12:10:55","guid":{"rendered":"https:\/\/www.mieten24.ch\/?page_id=10"},"modified":"2021-03-04T11:10:32","modified_gmt":"2021-03-04T10:10:32","slug":"unsere-agb","status":"publish","type":"page","link":"https:\/\/www.mieten24.ch\/?page_id=10","title":{"rendered":"Unsere AGB"},"content":{"rendered":"\n<p><\/p>\n\n\n<table border=\"0\" width=\"100%\" cellspacing=\"0\" cellpadding=\"0\">\n<tbody>\n<tr>\n<td class=\"ProListeTitel\">\u00a7 1 Geltung der Bedingungen<\/td>\n<\/tr>\n<tr>\n<td class=\"main\">\n<table border=\"0\" width=\"100%\" cellspacing=\"5\" cellpadding=\"0\">\n<tbody>\n<tr>\n<td class=\"main\">1. Die Lieferungen, Leistungen und Angebote von der Firma PC Direkt Systems AG erfolgen ausschliesslich aufgrund dieser Gesch\u00e4ftsbedingungen, auch wenn sie nicht nochmals ausdr\u00fccklich vereinbart werden. Mit Bestellung der Ware oder Leistung gelten diese Bedingungen als angenommen. Allgemeinen Einkaufsbedingungen des K\u00e4ufers wird hiermit widersprochen.<br \/>Abweichungen von diesen Gesch\u00e4ftsbedingungen sind nur wirksam, wenn wir sie schriftlich best\u00e4tigen.<\/td>\n<\/tr>\n<\/tbody>\n<\/table>\n<\/td>\n<\/tr>\n<tr>\n<td>\u00a0<\/td>\n<\/tr>\n<tr>\n<td class=\"ProListeTitel\">\u00a7 2 Angebot und Vertragsschluss<\/td>\n<\/tr>\n<tr>\n<td class=\"main\">\n<table border=\"0\" width=\"100%\" cellspacing=\"5\" cellpadding=\"0\">\n<tbody>\n<tr>\n<td class=\"main\">1. Die Angebote von PC Direkt Systems AG in Preislisten und Inseraten sind freibleibend und unverbindlich. Bestellungen sind f\u00fcr PC Direkt Systems AG erst nach schriftlicher Best\u00e4tigung verbindlich. Auftragsbest\u00e4tigungen werden nur auf ausdr\u00fccklichen Wunsch erstellt.<br \/>2. Die Angaben in unseren Verkaufsunterlagen (Zeichnungen, Abbildungen, Masse, Gewichte und sonstige Leistungen) sind nur als Richtwerte zu verstehen und stellen keine Zusicherung von Eigenschaften dar, es sei denn, sie werden schriftlich ausdr\u00fccklich als verbindlich bezeichnet.<br \/>3. \u00dcberschreitet ein K\u00e4ufer durch eine Bestellung sein Kreditlimit, so sind wir von unserer Lieferverpflichtung entbunden.<\/td>\n<\/tr>\n<\/tbody>\n<\/table>\n<\/td>\n<\/tr>\n<tr>\n<td>\u00a0<\/td>\n<\/tr>\n<tr>\n<td class=\"ProListeTitel\">\u00a7 3 Preise<\/td>\n<\/tr>\n<tr>\n<td class=\"main\">\n<table border=\"0\" width=\"100%\" cellspacing=\"5\" cellpadding=\"0\">\n<tbody>\n<tr>\n<td class=\"main\">1. Massgebend sind die in unserer Auftragsbest\u00e4tigung genannten Preise. Diese werden f\u00fcr Lagerware zum Zeitpunkt der Bestellung fixiert. Bei Lieferengp\u00e4ssen sowie Besorgungen gilt der Tagespreis am Bestelltag.<br \/>2. Die Preise verstehen sich, falls nicht anders vereinbart, zuz\u00fcglich Transportkosten, inkl. 8 % MwSt.<\/td>\n<\/tr>\n<\/tbody>\n<\/table>\n<\/td>\n<\/tr>\n<tr>\n<td>\u00a0<\/td>\n<\/tr>\n<tr>\n<td class=\"ProListeTitel\">\u00a7 4 Liefer- und Leistungszeit<\/td>\n<\/tr>\n<tr>\n<td class=\"main\">\n<table border=\"0\" width=\"100%\" cellspacing=\"5\" cellpadding=\"0\">\n<tbody>\n<tr>\n<td class=\"main\">1. Termine und Lieferfristen sind unverbindlich, sofern nicht ausdr\u00fccklich schriftlich etwas anderes vereinbart wurde. Die Angabe bestimmter Lieferfristen und Liefertermine durch die PC Direkt Systems AG steht unter dem Vorbehalt der richtigen und rechtzeitigen Belieferung von PC Direkt Systems AG durch Zulieferanten und Hersteller.<\/td>\n<\/tr>\n<\/tbody>\n<\/table>\n<\/td>\n<\/tr>\n<tr>\n<td>\u00a0<\/td>\n<\/tr>\n<tr>\n<td class=\"ProListeTitel\">\u00a7 5 Annahmeverzug<\/td>\n<\/tr>\n<tr>\n<td class=\"main\">\n<table border=\"0\" width=\"100%\" cellspacing=\"5\" cellpadding=\"0\">\n<tbody>\n<tr>\n<td class=\"main\">1. Wenn der K\u00e4ufer nach Ablauf einer ihm gesetzten Nachfrist die Annahme der Liefergegenst\u00e4nde verweigert oder erkl\u00e4rt, die Ware nicht abnehmen zu wollen, kann die PC Direkt Systems AG die Erf\u00fcllung des Vertrages verweigern und Schadensersatz wegen Nichterf\u00fcllung verlangen. Die Firma PC Direkt Systems AG ist berechtigt, als Schadensersatz wahlweise entweder pauschal 25 % des vereinbarten Kaufpreises oder den Ersatz des effektiv entstandenen Schadens vom K\u00e4ufer zu fordern.<\/td>\n<\/tr>\n<\/tbody>\n<\/table>\n<\/td>\n<\/tr>\n<tr>\n<td>\u00a0<\/td>\n<\/tr>\n<tr>\n<td class=\"ProListeTitel\">\u00a7 6 Lieferung<\/td>\n<\/tr>\n<tr>\n<td class=\"main\">\n<table border=\"0\" width=\"100%\" cellspacing=\"5\" cellpadding=\"0\">\n<tbody>\n<tr>\n<td class=\"main\">1. Sichtbare Mengendifferenzen m\u00fcssen sofort bei Warenerhalt, verdeckte Mengendifferenzen innerhalb von 4 Tagen nach Warenerhalt der PC Direkt Systems AG und dem Frachtf\u00fchrer schriftlich angezeigt werden. Beanstandungen betreffend Besch\u00e4digung, Versp\u00e4tung, Verlust oder schlechter Verpackung sind sofort nach Eingang der Warensendung anzumelden.<\/td>\n<\/tr>\n<\/tbody>\n<\/table>\n<\/td>\n<\/tr>\n<tr>\n<td>\u00a0<\/td>\n<\/tr>\n<tr>\n<td class=\"ProListeTitel\">\u00a7 7 Gefahren\u00fcbergang<\/td>\n<\/tr>\n<tr>\n<td class=\"main\">\n<table border=\"0\" width=\"100%\" cellspacing=\"5\" cellpadding=\"0\">\n<tbody>\n<tr>\n<td class=\"main\">1. Die Gefahr geht auf den K\u00e4ufer \u00fcber, sobald die Sendung an die den Transport ausf\u00fchrende Person \u00fcbergeben worden ist. Falls der Versand sich ohne unser Verschulden verz\u00f6gert oder unm\u00f6glich wird, geht die Gefahr mit der Meldung der Versandbereitschaft auf den K\u00e4ufer \u00fcber. Eine im Einzelfall vereinbarte \u00dcbernahme der Transportkosten durch die PC Direkt Systems AG hat keinen Einfluss auf den Gefahren\u00fcbergang.<\/td>\n<\/tr>\n<\/tbody>\n<\/table>\n<\/td>\n<\/tr>\n<tr>\n<td>\u00a0<\/td>\n<\/tr>\n<tr>\n<td class=\"ProListeTitel\">\u00a7 8 Gew\u00e4hrleistung<\/td>\n<\/tr>\n<tr>\n<td class=\"main\">\n<table border=\"0\" width=\"100%\" cellspacing=\"5\" cellpadding=\"0\">\n<tbody>\n<tr>\n<td class=\"main\">1. Die Gew\u00e4hrleistung nach Massgabe der folgenden Bestimmungen betr\u00e4gt 2 Jahre, wenn nicht ausdr\u00fccklich schriftlich etwas anderes vereinbart wird.<br \/>2. Die Gew\u00e4hrleistungsfrist beginnt mit dem Lieferdatum. Werden unsere Betriebs- oder Wartungsanweisungen nicht befolgt, \u00c4nderungen vorgenommen, Teile ausgewechselt oder Verbrauchsmaterialien verwendet, die nicht den Originalspezifikationen entsprechen, so entf\u00e4llt jede Gew\u00e4hrleistung, soweit der Mangel hierauf zur\u00fcckzuf\u00fchren ist. Dies gilt auch, soweit der Mangel auf unsachgem\u00e4sse Benutzung, Lagerung und Handhabung der Ger\u00e4te, oder Fremdeingriff sowie das \u00d6ffnen von Ger\u00e4ten zur\u00fcckzuf\u00fchren ist. Unwesentliche Abweichungen von zugesicherten Eigenschaften der Ware l\u00f6sen keine Gew\u00e4hrleistungsrechte aus.<br \/>3. Eine Haftung f\u00fcr normale Abnutzung und Verschleissteile ist ausgeschlossen.<br \/>4. Gew\u00e4hrleistungsanspr\u00fcche gegen die PC Direkt Systems AG stehen nur dem unmittelbaren K\u00e4ufer zu und sind nicht abtretbar.<\/td>\n<\/tr>\n<\/tbody>\n<\/table>\n<\/td>\n<\/tr>\n<tr>\n<td>\u00a0<\/td>\n<\/tr>\n<tr>\n<td class=\"ProListeTitel\">\u00a7 9 Retouren<\/td>\n<\/tr>\n<tr>\n<td class=\"main\">\n<table border=\"0\" width=\"100%\" cellspacing=\"5\" cellpadding=\"0\">\n<tbody>\n<tr>\n<td class=\"main\">1. F\u00fcr Retouren verlangen wir, dass das defekte Teil bzw. Ger\u00e4t mit ausgef\u00fclltem Reparaturformular sowie einer Kopie der Rechnung, mit der das Ger\u00e4t geliefert wurde, an die PC Direkt Systems AG zur Reparatur eingeschickt oder angeliefert wird. Die Versandkosten sind vom K\u00e4ufer zu tragen. Durch den Austausch von Teilen, Baugruppen oder ganzen Ger\u00e4ten treten keine neuen Gew\u00e4hrleistungsfristen in Kraft. Die Gew\u00e4hrleistung beschr\u00e4nkt sich ausschliesslich auf die Reparatur oder den Austausch der besch\u00e4digten Lieferungsgegenst\u00e4nde. Der K\u00e4ufer hat bei Einsendung der zu reparierenden Ger\u00e4te daf\u00fcr Sorge zu tragen, dass auf diesen befindliche Daten, durch Kopien gesichert werden, da diese bei Reparatureingriffen verloren gehen k\u00f6nnen.<\/td>\n<\/tr>\n<\/tbody>\n<\/table>\n<\/td>\n<\/tr>\n<tr>\n<td>\u00a0<\/td>\n<\/tr>\n<tr>\n<td class=\"ProListeTitel\">\u00a7 10 Eigentumsvorbehalt<\/td>\n<\/tr>\n<tr>\n<td class=\"main\">\n<table border=\"0\" width=\"100%\" cellspacing=\"5\" cellpadding=\"0\">\n<tbody>\n<tr>\n<td class=\"main\">1. Die gelieferte Ware bleibt bis zur vollst\u00e4ndigen Bezahlung Eigentum der Firma PC Direkt Systems AG.<\/td>\n<\/tr>\n<\/tbody>\n<\/table>\n<\/td>\n<\/tr>\n<tr>\n<td>\u00a0<\/td>\n<\/tr>\n<tr>\n<td class=\"ProListeTitel\">\u00a7 11 Zahlung<\/td>\n<\/tr>\n<tr>\n<td class=\"main\">\n<table border=\"0\" width=\"100%\" cellspacing=\"5\" cellpadding=\"0\">\n<tbody>\n<tr>\n<td class=\"main\">1. Die Rechnungen sind je nach Vereinbarung per Nachnahme, bar oder innert 10 Tagen rein netto zahlbar, soweit nicht anders vereinbart. Die Lieferung erfolgt grunds\u00e4tzlich unfrei, d.h. zu Lasten des K\u00e4ufers per Paketpost, Spedition oder eigenem Fahrzeug, ausser es wurde ausdr\u00fccklich etwas anderes vereinbart.<br \/>2. Eine Zahlung gilt erst dann als erfolgt, wenn wir \u00fcber den Betrag verf\u00fcgen k\u00f6nnen. Schecks werden nicht angenommen.<br \/>3. Ger\u00e4t der K\u00e4ufer in Verzug, so sind wir berechtigt, von dem betreffenden Zeitpunkt ab Zinsen in H\u00f6he von 10 % zu berechnen. W\u00e4hrend der Dauer des Verzuges die PC Direkt Systems AG auch jederzeit berechtigt, vom Vertrag zur\u00fcckzutreten, die gelieferte Ware zur\u00fcckzuverlangen und Schadensersatz auf das Dahinfallen des Vertrages zu fordern.<br \/>4. Alle Forderungen werden sofort f\u00e4llig, wenn der Abnehmer in Zahlungsverzug ger\u00e4t, sonstige wesentliche Verpflichtungen aus dem Vertrag schuldhaft nicht einh\u00e4lt oder wenn uns Umst\u00e4nde bekannt werden, die geeignet sind, die Kreditw\u00fcrdigkeit des Abnehmers zu mindern, insbesondere Zahlungseinstellung, Anh\u00e4ngigkeit eines Vergleichs- oder Konkursverfahrens. In diesen F\u00e4llen sind wir berechtigt, noch ausstehende Lieferungen zur\u00fcckzubehalten oder nur gegen Vorauszahlung oder Sicherheiten auszuf\u00fchren.<\/td>\n<\/tr>\n<\/tbody>\n<\/table>\n<\/td>\n<\/tr>\n<tr>\n<td>\u00a0<\/td>\n<\/tr>\n<tr>\n<td class=\"ProListeTitel\">\u00a7 12 Haftungsbeschr\u00e4nkung<\/td>\n<\/tr>\n<tr>\n<td class=\"main\">\n<table border=\"0\" width=\"100%\" cellspacing=\"5\" cellpadding=\"0\">\n<tbody>\n<tr>\n<td class=\"main\">1. Schadensersatzanspr\u00fcche aus Unm\u00f6glichkeit der Leistung, aus Vertragsverletzung, aus Verschulden bei Vertragsschluss und aus unerlaubter Handlung, sind sowohl gegen uns, als auch gegen unsere Erf\u00fcllungs- bzw. Verrichtungsgehilfen ausgeschlossen, soweit nicht vors\u00e4tzliches oder grob fahrl\u00e4ssiges Handeln vorliegt. F\u00fcr Folgesch\u00e4den aus der Verwendung der Produkte wird jede Haftung abgelehnt.<\/td>\n<\/tr>\n<\/tbody>\n<\/table>\n<\/td>\n<\/tr>\n<tr>\n<td>\u00a0<\/td>\n<\/tr>\n<tr>\n<td class=\"ProListeTitel\">\u00a7 13 Urheberrechte \/ Software-Gew\u00e4hrleistung<\/td>\n<\/tr>\n<tr>\n<td class=\"main\">\n<table border=\"0\" width=\"100%\" cellspacing=\"5\" cellpadding=\"0\">\n<tbody>\n<tr>\n<td class=\"main\">1. Soweit Software zum Lieferumfang geh\u00f6rt, wird diese dem K\u00e4ufer allein zum einmaligen Wiederverkauf bzw. zum eigenen Gebrauch \u00fcberlassen, d.h. er darf diese weder kopieren, noch anderen zur Nutzung \u00fcberlassen. Software ist von s\u00e4mtlichen Garantiebestimmungen auf Formularen ausgenommen. Es gelten ausschliesslich die Bestimmungen des Lizenzvertrages des Herstellers.<\/td>\n<\/tr>\n<\/tbody>\n<\/table>\n<\/td>\n<\/tr>\n<tr>\n<td>\u00a0<\/td>\n<\/tr>\n<tr>\n<td class=\"ProListeTitel\">\u00a7 14 Datenschutz<\/td>\n<\/tr>\n<tr>\n<td class=\"main\">\n<table border=\"0\" width=\"100%\" cellspacing=\"5\" cellpadding=\"0\">\n<tbody>\n<tr>\n<td class=\"main\">1. PC Direkt Systems AG ist berechtigt, die bez\u00fcglich der Gesch\u00e4ftsverbindungen oder im Zusammenhang mit den erhaltenen Daten \u00fcber den K\u00e4ufer, gleich ob diese vom K\u00e4ufer selbst oder von Dritten stammen, im Sinne des Bundesdatenschutzgesetzes zu verarbeiten.<\/td>\n<\/tr>\n<\/tbody>\n<\/table>\n<\/td>\n<\/tr>\n<tr>\n<td>\u00a0<\/td>\n<\/tr>\n<tr>\n<td class=\"ProListeTitel\">\u00a7 15 Gerichtsstand<\/td>\n<\/tr>\n<tr>\n<td class=\"main\">\n<table border=\"0\" width=\"100%\" cellspacing=\"5\" cellpadding=\"0\">\n<tbody>\n<tr>\n<td class=\"main\">1. Schaffhausen ist ausschliesslich Gerichtsstand f\u00fcr alle sich aus dem Vertragsverh\u00e4ltnis unmittelbar oder mittelbar ergebenden Streitigkeiten. Das Rechtsverh\u00e4ltnis untersteht dem schweizerischen Recht.\n<p>\u00a0<\/p>\n<p>Schaffhausen, November 2007<\/p>\n<\/td>\n<\/tr>\n<\/tbody>\n<\/table>\n<\/td>\n<\/tr>\n<\/tbody>\n<\/table>\n\n\n<p>Matomo Tracking Opt-Out<br><p id=\"matomo_opted_out_intro\" style=\"display:none;\">Opt-out complete; your visits to this website will not be recorded by the Web Analytics tool. Note that if you clear your cookies, delete the opt-out cookie, or if you change computers or Web browsers, you will need to perform the opt-out procedure again.<\/p><p id=\"matomo_opted_in_intro\" >You may choose to prevent this website from aggregating and analyzing the actions you take here. Doing so will protect your privacy, but will also prevent the owner from learning from your actions and creating a better experience for you and other users.<\/p><form>\n        <input type=\"checkbox\" id=\"matomo_optout_checkbox\" checked=\"checked\"\/>\n        <label for=\"matomo_optout_checkbox\"><strong>\n        <span id=\"matomo_opted_in_label\" >You are not opted out. Uncheck this box to opt-out.<\/span>\n\t\t<span id=\"matomo_opted_out_label\" style=\"display:none;\">You are currently opted out. Check this box to opt-in.<\/span>\n        <\/strong><\/label><\/form><noscript><p><strong style=\"color: #ff0000;\">This opt out feature requires JavaScript.<\/strong><\/p><\/noscript><p id=\"matomo_outout_err_cookies\" style=\"display: none;\"><strong>The tracking opt-out feature requires cookies to be enabled.<\/strong><\/p><\/p>\n","protected":false},"excerpt":{"rendered":"<p>\u00a7 1 Geltung der Bedingungen 1. Die Lieferungen, Leistungen und Angebote von der Firma PC Direkt Systems AG erfolgen ausschliesslich aufgrund dieser Gesch\u00e4ftsbedingungen, auch wenn sie nicht nochmals ausdr\u00fccklich vereinbart werden. Mit Bestellung der Ware oder Leistung gelten diese Bedingungen als angenommen. Allgemeinen Einkaufsbedingungen des K\u00e4ufers wird hiermit widersprochen.Abweichungen von diesen Gesch\u00e4ftsbedingungen sind nur wirksam,&#8230;<\/p>\n","protected":false},"author":1,"featured_media":0,"parent":0,"menu_order":0,"comment_status":"closed","ping_status":"closed","template":"","meta":{"footnotes":""},"class_list":["post-10","page","type-page","status-publish","hentry"],"yoast_head":"<!-- This site is optimized with the Yoast SEO plugin v27.6 - https:\/\/yoast.com\/product\/yoast-seo-wordpress\/ -->\n<title>Unsere AGB - Mieten24<\/title>\n<meta name=\"robots\" content=\"index, follow, max-snippet:-1, max-image-preview:large, max-video-preview:-1\" \/>\n<link rel=\"canonical\" href=\"https:\/\/www.mieten24.ch\/?page_id=10\" \/>\n<meta property=\"og:locale\" content=\"de_DE\" \/>\n<meta property=\"og:type\" content=\"article\" \/>\n<meta property=\"og:title\" content=\"Unsere AGB - Mieten24\" \/>\n<meta property=\"og:description\" content=\"\u00a7 1 Geltung der Bedingungen 1. Die Lieferungen, Leistungen und Angebote von der Firma PC Direkt Systems AG erfolgen ausschliesslich aufgrund dieser Gesch\u00e4ftsbedingungen, auch wenn sie nicht nochmals ausdr\u00fccklich vereinbart werden. Mit Bestellung der Ware oder Leistung gelten diese Bedingungen als angenommen. Allgemeinen Einkaufsbedingungen des K\u00e4ufers wird hiermit widersprochen.Abweichungen von diesen Gesch\u00e4ftsbedingungen sind nur wirksam,...\" \/>\n<meta property=\"og:url\" content=\"https:\/\/www.mieten24.ch\/?page_id=10\" \/>\n<meta property=\"og:site_name\" content=\"Mieten24\" \/>\n<meta property=\"article:modified_time\" content=\"2021-03-04T10:10:32+00:00\" \/>\n<meta name=\"twitter:card\" content=\"summary_large_image\" \/>\n<meta name=\"twitter:label1\" content=\"Gesch\u00e4tzte Lesezeit\" \/>\n\t<meta name=\"twitter:data1\" content=\"5\u00a0Minuten\" \/>\n<script type=\"application\/ld+json\" class=\"yoast-schema-graph\">{\"@context\":\"https:\\\/\\\/schema.org\",\"@graph\":[{\"@type\":\"WebPage\",\"@id\":\"https:\\\/\\\/www.mieten24.ch\\\/?page_id=10\",\"url\":\"https:\\\/\\\/www.mieten24.ch\\\/?page_id=10\",\"name\":\"Unsere AGB - Mieten24\",\"isPartOf\":{\"@id\":\"https:\\\/\\\/www.mieten24.ch\\\/#website\"},\"datePublished\":\"2018-08-31T12:10:55+00:00\",\"dateModified\":\"2021-03-04T10:10:32+00:00\",\"breadcrumb\":{\"@id\":\"https:\\\/\\\/www.mieten24.ch\\\/?page_id=10#breadcrumb\"},\"inLanguage\":\"de\",\"potentialAction\":[{\"@type\":\"ReadAction\",\"target\":[\"https:\\\/\\\/www.mieten24.ch\\\/?page_id=10\"]}]},{\"@type\":\"BreadcrumbList\",\"@id\":\"https:\\\/\\\/www.mieten24.ch\\\/?page_id=10#breadcrumb\",\"itemListElement\":[{\"@type\":\"ListItem\",\"position\":1,\"name\":\"Startseite\",\"item\":\"https:\\\/\\\/www.mieten24.ch\\\/\"},{\"@type\":\"ListItem\",\"position\":2,\"name\":\"Unsere AGB\"}]},{\"@type\":\"WebSite\",\"@id\":\"https:\\\/\\\/www.mieten24.ch\\\/#website\",\"url\":\"https:\\\/\\\/www.mieten24.ch\\\/\",\"name\":\"Mieten24\",\"description\":\"Mietger\u00e4te zum fairen Preis\",\"publisher\":{\"@id\":\"https:\\\/\\\/www.mieten24.ch\\\/#organization\"},\"potentialAction\":[{\"@type\":\"SearchAction\",\"target\":{\"@type\":\"EntryPoint\",\"urlTemplate\":\"https:\\\/\\\/www.mieten24.ch\\\/?s={search_term_string}\"},\"query-input\":{\"@type\":\"PropertyValueSpecification\",\"valueRequired\":true,\"valueName\":\"search_term_string\"}}],\"inLanguage\":\"de\"},{\"@type\":\"Organization\",\"@id\":\"https:\\\/\\\/www.mieten24.ch\\\/#organization\",\"name\":\"Mieten24\",\"url\":\"https:\\\/\\\/www.mieten24.ch\\\/\",\"logo\":{\"@type\":\"ImageObject\",\"inLanguage\":\"de\",\"@id\":\"https:\\\/\\\/www.mieten24.ch\\\/#\\\/schema\\\/logo\\\/image\\\/\",\"url\":\"https:\\\/\\\/www.mieten24.ch\\\/wp-content\\\/uploads\\\/2018\\\/09\\\/mieten24.png\",\"contentUrl\":\"https:\\\/\\\/www.mieten24.ch\\\/wp-content\\\/uploads\\\/2018\\\/09\\\/mieten24.png\",\"width\":640,\"height\":400,\"caption\":\"Mieten24\"},\"image\":{\"@id\":\"https:\\\/\\\/www.mieten24.ch\\\/#\\\/schema\\\/logo\\\/image\\\/\"}}]}<\/script>\n<!-- \/ Yoast SEO plugin. -->","yoast_head_json":{"title":"Unsere AGB - Mieten24","robots":{"index":"index","follow":"follow","max-snippet":"max-snippet:-1","max-image-preview":"max-image-preview:large","max-video-preview":"max-video-preview:-1"},"canonical":"https:\/\/www.mieten24.ch\/?page_id=10","og_locale":"de_DE","og_type":"article","og_title":"Unsere AGB - Mieten24","og_description":"\u00a7 1 Geltung der Bedingungen 1. Die Lieferungen, Leistungen und Angebote von der Firma PC Direkt Systems AG erfolgen ausschliesslich aufgrund dieser Gesch\u00e4ftsbedingungen, auch wenn sie nicht nochmals ausdr\u00fccklich vereinbart werden. Mit Bestellung der Ware oder Leistung gelten diese Bedingungen als angenommen. Allgemeinen Einkaufsbedingungen des K\u00e4ufers wird hiermit widersprochen.Abweichungen von diesen Gesch\u00e4ftsbedingungen sind nur wirksam,...","og_url":"https:\/\/www.mieten24.ch\/?page_id=10","og_site_name":"Mieten24","article_modified_time":"2021-03-04T10:10:32+00:00","twitter_card":"summary_large_image","twitter_misc":{"Gesch\u00e4tzte Lesezeit":"5\u00a0Minuten"},"schema":{"@context":"https:\/\/schema.org","@graph":[{"@type":"WebPage","@id":"https:\/\/www.mieten24.ch\/?page_id=10","url":"https:\/\/www.mieten24.ch\/?page_id=10","name":"Unsere AGB - Mieten24","isPartOf":{"@id":"https:\/\/www.mieten24.ch\/#website"},"datePublished":"2018-08-31T12:10:55+00:00","dateModified":"2021-03-04T10:10:32+00:00","breadcrumb":{"@id":"https:\/\/www.mieten24.ch\/?page_id=10#breadcrumb"},"inLanguage":"de","potentialAction":[{"@type":"ReadAction","target":["https:\/\/www.mieten24.ch\/?page_id=10"]}]},{"@type":"BreadcrumbList","@id":"https:\/\/www.mieten24.ch\/?page_id=10#breadcrumb","itemListElement":[{"@type":"ListItem","position":1,"name":"Startseite","item":"https:\/\/www.mieten24.ch\/"},{"@type":"ListItem","position":2,"name":"Unsere AGB"}]},{"@type":"WebSite","@id":"https:\/\/www.mieten24.ch\/#website","url":"https:\/\/www.mieten24.ch\/","name":"Mieten24","description":"Mietger\u00e4te zum fairen Preis","publisher":{"@id":"https:\/\/www.mieten24.ch\/#organization"},"potentialAction":[{"@type":"SearchAction","target":{"@type":"EntryPoint","urlTemplate":"https:\/\/www.mieten24.ch\/?s={search_term_string}"},"query-input":{"@type":"PropertyValueSpecification","valueRequired":true,"valueName":"search_term_string"}}],"inLanguage":"de"},{"@type":"Organization","@id":"https:\/\/www.mieten24.ch\/#organization","name":"Mieten24","url":"https:\/\/www.mieten24.ch\/","logo":{"@type":"ImageObject","inLanguage":"de","@id":"https:\/\/www.mieten24.ch\/#\/schema\/logo\/image\/","url":"https:\/\/www.mieten24.ch\/wp-content\/uploads\/2018\/09\/mieten24.png","contentUrl":"https:\/\/www.mieten24.ch\/wp-content\/uploads\/2018\/09\/mieten24.png","width":640,"height":400,"caption":"Mieten24"},"image":{"@id":"https:\/\/www.mieten24.ch\/#\/schema\/logo\/image\/"}}]}},"_links":{"self":[{"href":"https:\/\/www.mieten24.ch\/index.php?rest_route=\/wp\/v2\/pages\/10","targetHints":{"allow":["GET"]}}],"collection":[{"href":"https:\/\/www.mieten24.ch\/index.php?rest_route=\/wp\/v2\/pages"}],"about":[{"href":"https:\/\/www.mieten24.ch\/index.php?rest_route=\/wp\/v2\/types\/page"}],"author":[{"embeddable":true,"href":"https:\/\/www.mieten24.ch\/index.php?rest_route=\/wp\/v2\/users\/1"}],"replies":[{"embeddable":true,"href":"https:\/\/www.mieten24.ch\/index.php?rest_route=%2Fwp%2Fv2%2Fcomments&post=10"}],"version-history":[{"count":6,"href":"https:\/\/www.mieten24.ch\/index.php?rest_route=\/wp\/v2\/pages\/10\/revisions"}],"predecessor-version":[{"id":393,"href":"https:\/\/www.mieten24.ch\/index.php?rest_route=\/wp\/v2\/pages\/10\/revisions\/393"}],"wp:attachment":[{"href":"https:\/\/www.mieten24.ch\/index.php?rest_route=%2Fwp%2Fv2%2Fmedia&parent=10"}],"curies":[{"name":"wp","href":"https:\/\/api.w.org\/{rel}","templated":true}]}}