{"id":127,"date":"2018-09-08T10:57:15","date_gmt":"2018-09-08T08:57:15","guid":{"rendered":"https:\/\/www.mieten24.ch\/?post_type=product&#038;p=127"},"modified":"2019-09-23T14:49:29","modified_gmt":"2019-09-23T12:49:29","slug":"universal-leinwand-160-cm-x160-cm","status":"publish","type":"product","link":"https:\/\/www.mieten24.ch\/?product=universal-leinwand-160-cm-x160-cm","title":{"rendered":"Universal Leinwand (160 cm x160 cm)"},"content":{"rendered":"<p><strong>Mieten Sie sich eine Profi-Leinwand f\u00fcr die optimale Pr\u00e4sentation. <\/strong><\/p>\n<p>F\u00fcr eine l\u00e4ngere Mietdaufragen Sie uns einfach an.<br \/>\nDas Depot wird Ihnen nach der Produkter\u00fcckgabe\u00a0gutgeschrieben.<\/p>\n<p>Abholung der\u00a0Profi-Leinwand im Verkaufsladen an der Grubenstrasse 108 in Schaffhausen oder Versand nach Absprache.<br \/>\nSind noch fragen offen?\u00a0<a href=\"mailto:info@mieten24.ch\"><strong>info@mieten24.ch<\/strong><\/a>\u00a0oder Tel. 052 674 09 90.<br \/>\nEine grosse Auswahl an\u00a0Leinw\u00e4nden zum Kaufen finden Sie auf<a href=\"http:\/\/www.kaufich.ch\"><strong> www.kaufich.ch<\/strong><\/a><\/p>\n<p><strong>Merkmale<\/strong><\/p>\n<ul>\n<li>Die Stativleinwand\u00a0ist einfach aufzubauen und gleichzeitig sehr stabil.<br \/>\n\u2022 Durch die praktische, platzsparende Ausf\u00fchrung kann sie problemlos transportiert und aufbewahrt werden.<br \/>\n\u2022 Blankana, mattweisse Leinwandoberfl\u00e4che f\u00fcr brillante Farben und optimalen Kontrast<br \/>\n\u2022 Keystone-Korrektur verhindert Verzerrungen bei der Projektion<br \/>\n\u2022 Weisse R\u00fcckwand<br \/>\n\u2022 H\u00f6henverstellbar<br \/>\n\u2022 45\u00b0 Sichtwinkel<\/li>\n<li><strong> Masse ca. 160 cm x 160 cm<\/strong><\/li>\n<\/ul>\n<p>Tragbar &#8211; frei stehend &#8211; Design passt hervorragend zu Heimkinos &#8211; kompakt und handlich.<\/p>\n","protected":false},"excerpt":{"rendered":"<p>Mieten Sie sich eine Profi-Leinwand f\u00fcr die optimale Pr\u00e4sentation. F\u00fcr eine l\u00e4ngere Mietdaufragen Sie uns einfach an. Das Depot wird Ihnen nach der Produkter\u00fcckgabe\u00a0gutgeschrieben. Abholung der\u00a0Profi-Leinwand im Verkaufsladen an der Grubenstrasse 108 in Schaffhausen oder Versand nach Absprache. Sind noch fragen offen?\u00a0info@mieten24.ch\u00a0oder Tel. 052 674 09 90. Eine grosse Auswahl an\u00a0Leinw\u00e4nden zum Kaufen finden Sie&#8230;<\/p>\n","protected":false},"featured_media":134,"template":"","meta":[],"product_brand":[],"product_cat":[40],"product_tag":[],"class_list":{"0":"post-127","1":"product","2":"type-product","3":"status-publish","4":"has-post-thumbnail","6":"product_cat-www-mieten24-ch-kategorie-leinwand","7":"product_shipping_class-postpac-priority-sperrgut","9":"first","10":"instock","11":"taxable","12":"shipping-taxable","13":"purchasable","14":"product-type-variable","15":"has-default-attributes"},"yoast_head":"<!-- This site is optimized with the Yoast SEO plugin v27.5 - https:\/\/yoast.com\/product\/yoast-seo-wordpress\/ -->\n<title>Universal Leinwand (160 cm x160 cm) - Mieten24<\/title>\n<meta name=\"robots\" content=\"index, follow, max-snippet:-1, max-image-preview:large, max-video-preview:-1\" \/>\n<link rel=\"canonical\" href=\"https:\/\/www.mieten24.ch\/?product=universal-leinwand-160-cm-x160-cm\" \/>\n<meta property=\"og:locale\" content=\"de_DE\" \/>\n<meta property=\"og:type\" content=\"article\" \/>\n<meta property=\"og:title\" content=\"Universal Leinwand (160 cm x160 cm) - Mieten24\" \/>\n<meta property=\"og:description\" content=\"Mieten Sie sich eine Profi-Leinwand f\u00fcr die optimale Pr\u00e4sentation. F\u00fcr eine l\u00e4ngere Mietdaufragen Sie uns einfach an. Das Depot wird Ihnen nach der Produkter\u00fcckgabe\u00a0gutgeschrieben. Abholung der\u00a0Profi-Leinwand im Verkaufsladen an der Grubenstrasse 108 in Schaffhausen oder Versand nach Absprache. Sind noch fragen offen?\u00a0info@mieten24.ch\u00a0oder Tel. 052 674 09 90. Eine grosse Auswahl an\u00a0Leinw\u00e4nden zum Kaufen finden Sie...\" \/>\n<meta property=\"og:url\" content=\"https:\/\/www.mieten24.ch\/?product=universal-leinwand-160-cm-x160-cm\" \/>\n<meta property=\"og:site_name\" content=\"Mieten24\" \/>\n<meta property=\"article:modified_time\" content=\"2019-09-23T12:49:29+00:00\" \/>\n<meta property=\"og:image\" content=\"https:\/\/www.mieten24.ch\/wp-content\/uploads\/2018\/09\/54.jpg\" \/>\n\t<meta property=\"og:image:width\" content=\"348\" \/>\n\t<meta property=\"og:image:height\" content=\"400\" \/>\n\t<meta property=\"og:image:type\" content=\"image\/jpeg\" \/>\n<meta name=\"twitter:card\" content=\"summary_large_image\" \/>\n<meta name=\"twitter:label1\" content=\"Gesch\u00e4tzte Lesezeit\" \/>\n\t<meta name=\"twitter:data1\" content=\"1\u00a0Minute\" \/>\n<script type=\"application\/ld+json\" class=\"yoast-schema-graph\">{\"@context\":\"https:\\\/\\\/schema.org\",\"@graph\":[{\"@type\":\"WebPage\",\"@id\":\"https:\\\/\\\/www.mieten24.ch\\\/?product=universal-leinwand-160-cm-x160-cm\",\"url\":\"https:\\\/\\\/www.mieten24.ch\\\/?product=universal-leinwand-160-cm-x160-cm\",\"name\":\"Universal Leinwand (160 cm x160 cm) - Mieten24\",\"isPartOf\":{\"@id\":\"https:\\\/\\\/www.mieten24.ch\\\/#website\"},\"primaryImageOfPage\":{\"@id\":\"https:\\\/\\\/www.mieten24.ch\\\/?product=universal-leinwand-160-cm-x160-cm#primaryimage\"},\"image\":{\"@id\":\"https:\\\/\\\/www.mieten24.ch\\\/?product=universal-leinwand-160-cm-x160-cm#primaryimage\"},\"thumbnailUrl\":\"https:\\\/\\\/www.mieten24.ch\\\/wp-content\\\/uploads\\\/2018\\\/09\\\/54.jpg\",\"datePublished\":\"2018-09-08T08:57:15+00:00\",\"dateModified\":\"2019-09-23T12:49:29+00:00\",\"breadcrumb\":{\"@id\":\"https:\\\/\\\/www.mieten24.ch\\\/?product=universal-leinwand-160-cm-x160-cm#breadcrumb\"},\"inLanguage\":\"de\",\"potentialAction\":[{\"@type\":\"ReadAction\",\"target\":[\"https:\\\/\\\/www.mieten24.ch\\\/?product=universal-leinwand-160-cm-x160-cm\"]}]},{\"@type\":\"ImageObject\",\"inLanguage\":\"de\",\"@id\":\"https:\\\/\\\/www.mieten24.ch\\\/?product=universal-leinwand-160-cm-x160-cm#primaryimage\",\"url\":\"https:\\\/\\\/www.mieten24.ch\\\/wp-content\\\/uploads\\\/2018\\\/09\\\/54.jpg\",\"contentUrl\":\"https:\\\/\\\/www.mieten24.ch\\\/wp-content\\\/uploads\\\/2018\\\/09\\\/54.jpg\",\"width\":348,\"height\":400},{\"@type\":\"BreadcrumbList\",\"@id\":\"https:\\\/\\\/www.mieten24.ch\\\/?product=universal-leinwand-160-cm-x160-cm#breadcrumb\",\"itemListElement\":[{\"@type\":\"ListItem\",\"position\":1,\"name\":\"Startseite\",\"item\":\"https:\\\/\\\/www.mieten24.ch\\\/\"},{\"@type\":\"ListItem\",\"position\":2,\"name\":\"Universal Leinwand (160 cm x160 cm)\"}]},{\"@type\":\"WebSite\",\"@id\":\"https:\\\/\\\/www.mieten24.ch\\\/#website\",\"url\":\"https:\\\/\\\/www.mieten24.ch\\\/\",\"name\":\"Mieten24\",\"description\":\"Mietger\u00e4te zum fairen Preis\",\"publisher\":{\"@id\":\"https:\\\/\\\/www.mieten24.ch\\\/#organization\"},\"potentialAction\":[{\"@type\":\"SearchAction\",\"target\":{\"@type\":\"EntryPoint\",\"urlTemplate\":\"https:\\\/\\\/www.mieten24.ch\\\/?s={search_term_string}\"},\"query-input\":{\"@type\":\"PropertyValueSpecification\",\"valueRequired\":true,\"valueName\":\"search_term_string\"}}],\"inLanguage\":\"de\"},{\"@type\":\"Organization\",\"@id\":\"https:\\\/\\\/www.mieten24.ch\\\/#organization\",\"name\":\"Mieten24\",\"url\":\"https:\\\/\\\/www.mieten24.ch\\\/\",\"logo\":{\"@type\":\"ImageObject\",\"inLanguage\":\"de\",\"@id\":\"https:\\\/\\\/www.mieten24.ch\\\/#\\\/schema\\\/logo\\\/image\\\/\",\"url\":\"https:\\\/\\\/www.mieten24.ch\\\/wp-content\\\/uploads\\\/2018\\\/09\\\/mieten24.png\",\"contentUrl\":\"https:\\\/\\\/www.mieten24.ch\\\/wp-content\\\/uploads\\\/2018\\\/09\\\/mieten24.png\",\"width\":640,\"height\":400,\"caption\":\"Mieten24\"},\"image\":{\"@id\":\"https:\\\/\\\/www.mieten24.ch\\\/#\\\/schema\\\/logo\\\/image\\\/\"}}]}<\/script>\n<!-- \/ Yoast SEO plugin. -->","yoast_head_json":{"title":"Universal Leinwand (160 cm x160 cm) - Mieten24","robots":{"index":"index","follow":"follow","max-snippet":"max-snippet:-1","max-image-preview":"max-image-preview:large","max-video-preview":"max-video-preview:-1"},"canonical":"https:\/\/www.mieten24.ch\/?product=universal-leinwand-160-cm-x160-cm","og_locale":"de_DE","og_type":"article","og_title":"Universal Leinwand (160 cm x160 cm) - Mieten24","og_description":"Mieten Sie sich eine Profi-Leinwand f\u00fcr die optimale Pr\u00e4sentation. F\u00fcr eine l\u00e4ngere Mietdaufragen Sie uns einfach an. Das Depot wird Ihnen nach der Produkter\u00fcckgabe\u00a0gutgeschrieben. Abholung der\u00a0Profi-Leinwand im Verkaufsladen an der Grubenstrasse 108 in Schaffhausen oder Versand nach Absprache. Sind noch fragen offen?\u00a0info@mieten24.ch\u00a0oder Tel. 052 674 09 90. Eine grosse Auswahl an\u00a0Leinw\u00e4nden zum Kaufen finden Sie...","og_url":"https:\/\/www.mieten24.ch\/?product=universal-leinwand-160-cm-x160-cm","og_site_name":"Mieten24","article_modified_time":"2019-09-23T12:49:29+00:00","og_image":[{"width":348,"height":400,"url":"https:\/\/www.mieten24.ch\/wp-content\/uploads\/2018\/09\/54.jpg","type":"image\/jpeg"}],"twitter_card":"summary_large_image","twitter_misc":{"Gesch\u00e4tzte Lesezeit":"1\u00a0Minute"},"schema":{"@context":"https:\/\/schema.org","@graph":[{"@type":"WebPage","@id":"https:\/\/www.mieten24.ch\/?product=universal-leinwand-160-cm-x160-cm","url":"https:\/\/www.mieten24.ch\/?product=universal-leinwand-160-cm-x160-cm","name":"Universal Leinwand (160 cm x160 cm) - Mieten24","isPartOf":{"@id":"https:\/\/www.mieten24.ch\/#website"},"primaryImageOfPage":{"@id":"https:\/\/www.mieten24.ch\/?product=universal-leinwand-160-cm-x160-cm#primaryimage"},"image":{"@id":"https:\/\/www.mieten24.ch\/?product=universal-leinwand-160-cm-x160-cm#primaryimage"},"thumbnailUrl":"https:\/\/www.mieten24.ch\/wp-content\/uploads\/2018\/09\/54.jpg","datePublished":"2018-09-08T08:57:15+00:00","dateModified":"2019-09-23T12:49:29+00:00","breadcrumb":{"@id":"https:\/\/www.mieten24.ch\/?product=universal-leinwand-160-cm-x160-cm#breadcrumb"},"inLanguage":"de","potentialAction":[{"@type":"ReadAction","target":["https:\/\/www.mieten24.ch\/?product=universal-leinwand-160-cm-x160-cm"]}]},{"@type":"ImageObject","inLanguage":"de","@id":"https:\/\/www.mieten24.ch\/?product=universal-leinwand-160-cm-x160-cm#primaryimage","url":"https:\/\/www.mieten24.ch\/wp-content\/uploads\/2018\/09\/54.jpg","contentUrl":"https:\/\/www.mieten24.ch\/wp-content\/uploads\/2018\/09\/54.jpg","width":348,"height":400},{"@type":"BreadcrumbList","@id":"https:\/\/www.mieten24.ch\/?product=universal-leinwand-160-cm-x160-cm#breadcrumb","itemListElement":[{"@type":"ListItem","position":1,"name":"Startseite","item":"https:\/\/www.mieten24.ch\/"},{"@type":"ListItem","position":2,"name":"Universal Leinwand (160 cm x160 cm)"}]},{"@type":"WebSite","@id":"https:\/\/www.mieten24.ch\/#website","url":"https:\/\/www.mieten24.ch\/","name":"Mieten24","description":"Mietger\u00e4te zum fairen Preis","publisher":{"@id":"https:\/\/www.mieten24.ch\/#organization"},"potentialAction":[{"@type":"SearchAction","target":{"@type":"EntryPoint","urlTemplate":"https:\/\/www.mieten24.ch\/?s={search_term_string}"},"query-input":{"@type":"PropertyValueSpecification","valueRequired":true,"valueName":"search_term_string"}}],"inLanguage":"de"},{"@type":"Organization","@id":"https:\/\/www.mieten24.ch\/#organization","name":"Mieten24","url":"https:\/\/www.mieten24.ch\/","logo":{"@type":"ImageObject","inLanguage":"de","@id":"https:\/\/www.mieten24.ch\/#\/schema\/logo\/image\/","url":"https:\/\/www.mieten24.ch\/wp-content\/uploads\/2018\/09\/mieten24.png","contentUrl":"https:\/\/www.mieten24.ch\/wp-content\/uploads\/2018\/09\/mieten24.png","width":640,"height":400,"caption":"Mieten24"},"image":{"@id":"https:\/\/www.mieten24.ch\/#\/schema\/logo\/image\/"}}]}},"_links":{"self":[{"href":"https:\/\/www.mieten24.ch\/index.php?rest_route=\/wp\/v2\/product\/127","targetHints":{"allow":["GET"]}}],"collection":[{"href":"https:\/\/www.mieten24.ch\/index.php?rest_route=\/wp\/v2\/product"}],"about":[{"href":"https:\/\/www.mieten24.ch\/index.php?rest_route=\/wp\/v2\/types\/product"}],"wp:featuredmedia":[{"embeddable":true,"href":"https:\/\/www.mieten24.ch\/index.php?rest_route=\/wp\/v2\/media\/134"}],"wp:attachment":[{"href":"https:\/\/www.mieten24.ch\/index.php?rest_route=%2Fwp%2Fv2%2Fmedia&parent=127"}],"wp:term":[{"taxonomy":"product_brand","embeddable":true,"href":"https:\/\/www.mieten24.ch\/index.php?rest_route=%2Fwp%2Fv2%2Fproduct_brand&post=127"},{"taxonomy":"product_cat","embeddable":true,"href":"https:\/\/www.mieten24.ch\/index.php?rest_route=%2Fwp%2Fv2%2Fproduct_cat&post=127"},{"taxonomy":"product_tag","embeddable":true,"href":"https:\/\/www.mieten24.ch\/index.php?rest_route=%2Fwp%2Fv2%2Fproduct_tag&post=127"}],"curies":[{"name":"wp","href":"https:\/\/api.w.org\/{rel}","templated":true}]}}