{"id":40,"date":"2018-09-01T10:37:05","date_gmt":"2018-09-01T08:37:05","guid":{"rendered":"https:\/\/www.mieten24.ch\/?post_type=product&#038;p=40"},"modified":"2018-10-23T13:52:19","modified_gmt":"2018-10-23T11:52:19","slug":"benq-beamer","status":"publish","type":"product","link":"https:\/\/www.mieten24.ch\/?product=benq-beamer","title":{"rendered":"BenQ Beamer"},"content":{"rendered":"<p><span style=\"color: #000000;\"><strong><span style=\"font-size: small;\"><span style=\"font-family: arial, helvetica, sans-serif;\">Mieten Sie sich f\u00fcr zwei Tage einen\u00a0Toshiba Beamer f\u00fcr unglaubliche Film-Momente<\/span>\u00a0(Mietpreis enth\u00e4lt\u00a02 Tage).<\/span><\/strong><\/span><\/p>\n<p><span style=\"color: #000000;\"><strong><span style=\"font-size: small;\">Technische Details: DLP Projector, 1024&#215;768, 2200 Ansi-Lummen, Daten &amp; Video-Projektor.<\/span><\/strong><\/span><\/p>\n<p><span style=\"font-family: Arial; font-size: small; color: #000000;\"><span style=\"font-family: Arial; font-size: small;\">F\u00fcr eine l\u00e4ngere Mietdauer fragen Sie uns einfach an..<br \/>\nDas Depot von Fr. 300.- wird Ihnen nach der Produkter\u00fcckgabe\u00a0gutgeschrieben.<\/span><\/span><\/p>\n<p><span style=\"font-family: Arial; font-size: small; color: #000000;\"><span style=\"font-family: Arial; font-size: small;\">Passende Leinw\u00e4nde finden sie\u00a0<em><strong><a href=\"https:\/\/www.mieten24.ch\/?product_cat=www-mieten24-ch-kategorie-leinwand\">hier<\/a>!<\/strong><\/em><\/span><\/span><\/p>\n<p><span style=\"font-family: Arial; font-size: small;\"><span style=\"color: #000000;\">Abholung des Beamers im Verkaufsladen an der Grubenstrasse 108 in Schaffhausen, oder Versand nach Absprache.<\/span><br \/>\n<\/span><span style=\"font-family: Arial; font-size: small;\"><span style=\"color: #000000;\">Sind noch fragen offen?<\/span>\u00a0<\/span><a href=\"mailto:info@mieten24.ch\"><strong><span style=\"color: #ff0000; font-family: Arial; font-size: small;\">info@mieten24.ch<\/span><\/strong><\/a><span style=\"font-family: Arial; font-size: small;\">\u00a0<span style=\"color: #000000;\">oder Tel. 052 674 09 90.<\/span><\/span><\/p>\n<p><span style=\"color: #000000;\">Eine grosse Auswahl an Beamern zum Kaufen finden Sie auf<\/span>\u00a0<a href=\"http:\/\/www.kaufich.ch\"><span style=\"color: #ff0000;\"><strong>www.kaufich.ch<\/strong><\/span><\/a><\/p>\n","protected":false},"excerpt":{"rendered":"<p>Mieten Sie sich f\u00fcr zwei Tage einen\u00a0Toshiba Beamer f\u00fcr unglaubliche Film-Momente\u00a0(Mietpreis enth\u00e4lt\u00a02 Tage). Technische Details: DLP Projector, 1024&#215;768, 2200 Ansi-Lummen, Daten &amp; Video-Projektor. F\u00fcr eine l\u00e4ngere Mietdauer fragen Sie uns einfach an.. Das Depot von Fr. 300.- wird Ihnen nach der Produkter\u00fcckgabe\u00a0gutgeschrieben. Passende Leinw\u00e4nde finden sie\u00a0hier! Abholung des Beamers im Verkaufsladen an der Grubenstrasse 108&#8230;<\/p>\n","protected":false},"featured_media":41,"template":"","meta":[],"product_brand":[],"product_cat":[22],"product_tag":[25,31,26,27],"class_list":{"0":"post-40","1":"product","2":"type-product","3":"status-publish","4":"has-post-thumbnail","6":"product_cat-www-mieten24-ch-kategorie-beamer","7":"product_tag-beamer","8":"product_tag-benq","9":"product_tag-mietbeamer","10":"product_tag-miete","11":"product_shipping_class-postpac-priority-bis-10kg","13":"first","14":"instock","15":"taxable","16":"shipping-taxable","17":"purchasable","18":"product-type-variable","19":"has-default-attributes"},"yoast_head":"<!-- This site is optimized with the Yoast SEO plugin v27.4 - https:\/\/yoast.com\/product\/yoast-seo-wordpress\/ -->\n<title>BenQ Beamer - Mieten24<\/title>\n<meta name=\"robots\" content=\"index, follow, max-snippet:-1, max-image-preview:large, max-video-preview:-1\" \/>\n<link rel=\"canonical\" href=\"https:\/\/www.mieten24.ch\/?product=benq-beamer\" \/>\n<meta property=\"og:locale\" content=\"de_DE\" \/>\n<meta property=\"og:type\" content=\"article\" \/>\n<meta property=\"og:title\" content=\"BenQ Beamer - Mieten24\" \/>\n<meta property=\"og:description\" content=\"Mieten Sie sich f\u00fcr zwei Tage einen\u00a0Toshiba Beamer f\u00fcr unglaubliche Film-Momente\u00a0(Mietpreis enth\u00e4lt\u00a02 Tage). Technische Details: DLP Projector, 1024&#215;768, 2200 Ansi-Lummen, Daten &amp; Video-Projektor. F\u00fcr eine l\u00e4ngere Mietdauer fragen Sie uns einfach an.. Das Depot von Fr. 300.- wird Ihnen nach der Produkter\u00fcckgabe\u00a0gutgeschrieben. Passende Leinw\u00e4nde finden sie\u00a0hier! Abholung des Beamers im Verkaufsladen an der Grubenstrasse 108...\" \/>\n<meta property=\"og:url\" content=\"https:\/\/www.mieten24.ch\/?product=benq-beamer\" \/>\n<meta property=\"og:site_name\" content=\"Mieten24\" \/>\n<meta property=\"article:modified_time\" content=\"2018-10-23T11:52:19+00:00\" \/>\n<meta property=\"og:image\" content=\"https:\/\/www.mieten24.ch\/wp-content\/uploads\/2018\/09\/benq.jpg\" \/>\n\t<meta property=\"og:image:width\" content=\"225\" \/>\n\t<meta property=\"og:image:height\" content=\"225\" \/>\n\t<meta property=\"og:image:type\" content=\"image\/jpeg\" \/>\n<meta name=\"twitter:card\" content=\"summary_large_image\" \/>\n<script type=\"application\/ld+json\" class=\"yoast-schema-graph\">{\"@context\":\"https:\\\/\\\/schema.org\",\"@graph\":[{\"@type\":\"WebPage\",\"@id\":\"https:\\\/\\\/www.mieten24.ch\\\/?product=benq-beamer\",\"url\":\"https:\\\/\\\/www.mieten24.ch\\\/?product=benq-beamer\",\"name\":\"BenQ Beamer - Mieten24\",\"isPartOf\":{\"@id\":\"https:\\\/\\\/www.mieten24.ch\\\/#website\"},\"primaryImageOfPage\":{\"@id\":\"https:\\\/\\\/www.mieten24.ch\\\/?product=benq-beamer#primaryimage\"},\"image\":{\"@id\":\"https:\\\/\\\/www.mieten24.ch\\\/?product=benq-beamer#primaryimage\"},\"thumbnailUrl\":\"https:\\\/\\\/www.mieten24.ch\\\/wp-content\\\/uploads\\\/2018\\\/09\\\/benq.jpg\",\"datePublished\":\"2018-09-01T08:37:05+00:00\",\"dateModified\":\"2018-10-23T11:52:19+00:00\",\"breadcrumb\":{\"@id\":\"https:\\\/\\\/www.mieten24.ch\\\/?product=benq-beamer#breadcrumb\"},\"inLanguage\":\"de\",\"potentialAction\":[{\"@type\":\"ReadAction\",\"target\":[\"https:\\\/\\\/www.mieten24.ch\\\/?product=benq-beamer\"]}]},{\"@type\":\"ImageObject\",\"inLanguage\":\"de\",\"@id\":\"https:\\\/\\\/www.mieten24.ch\\\/?product=benq-beamer#primaryimage\",\"url\":\"https:\\\/\\\/www.mieten24.ch\\\/wp-content\\\/uploads\\\/2018\\\/09\\\/benq.jpg\",\"contentUrl\":\"https:\\\/\\\/www.mieten24.ch\\\/wp-content\\\/uploads\\\/2018\\\/09\\\/benq.jpg\",\"width\":225,\"height\":225,\"caption\":\"benq\"},{\"@type\":\"BreadcrumbList\",\"@id\":\"https:\\\/\\\/www.mieten24.ch\\\/?product=benq-beamer#breadcrumb\",\"itemListElement\":[{\"@type\":\"ListItem\",\"position\":1,\"name\":\"Startseite\",\"item\":\"https:\\\/\\\/www.mieten24.ch\\\/\"},{\"@type\":\"ListItem\",\"position\":2,\"name\":\"BenQ Beamer\"}]},{\"@type\":\"WebSite\",\"@id\":\"https:\\\/\\\/www.mieten24.ch\\\/#website\",\"url\":\"https:\\\/\\\/www.mieten24.ch\\\/\",\"name\":\"Mieten24\",\"description\":\"Mietger\u00e4te zum fairen Preis\",\"publisher\":{\"@id\":\"https:\\\/\\\/www.mieten24.ch\\\/#organization\"},\"potentialAction\":[{\"@type\":\"SearchAction\",\"target\":{\"@type\":\"EntryPoint\",\"urlTemplate\":\"https:\\\/\\\/www.mieten24.ch\\\/?s={search_term_string}\"},\"query-input\":{\"@type\":\"PropertyValueSpecification\",\"valueRequired\":true,\"valueName\":\"search_term_string\"}}],\"inLanguage\":\"de\"},{\"@type\":\"Organization\",\"@id\":\"https:\\\/\\\/www.mieten24.ch\\\/#organization\",\"name\":\"Mieten24\",\"url\":\"https:\\\/\\\/www.mieten24.ch\\\/\",\"logo\":{\"@type\":\"ImageObject\",\"inLanguage\":\"de\",\"@id\":\"https:\\\/\\\/www.mieten24.ch\\\/#\\\/schema\\\/logo\\\/image\\\/\",\"url\":\"https:\\\/\\\/www.mieten24.ch\\\/wp-content\\\/uploads\\\/2018\\\/09\\\/mieten24.png\",\"contentUrl\":\"https:\\\/\\\/www.mieten24.ch\\\/wp-content\\\/uploads\\\/2018\\\/09\\\/mieten24.png\",\"width\":640,\"height\":400,\"caption\":\"Mieten24\"},\"image\":{\"@id\":\"https:\\\/\\\/www.mieten24.ch\\\/#\\\/schema\\\/logo\\\/image\\\/\"}}]}<\/script>\n<!-- \/ Yoast SEO plugin. -->","yoast_head_json":{"title":"BenQ Beamer - Mieten24","robots":{"index":"index","follow":"follow","max-snippet":"max-snippet:-1","max-image-preview":"max-image-preview:large","max-video-preview":"max-video-preview:-1"},"canonical":"https:\/\/www.mieten24.ch\/?product=benq-beamer","og_locale":"de_DE","og_type":"article","og_title":"BenQ Beamer - Mieten24","og_description":"Mieten Sie sich f\u00fcr zwei Tage einen\u00a0Toshiba Beamer f\u00fcr unglaubliche Film-Momente\u00a0(Mietpreis enth\u00e4lt\u00a02 Tage). Technische Details: DLP Projector, 1024&#215;768, 2200 Ansi-Lummen, Daten &amp; Video-Projektor. F\u00fcr eine l\u00e4ngere Mietdauer fragen Sie uns einfach an.. Das Depot von Fr. 300.- wird Ihnen nach der Produkter\u00fcckgabe\u00a0gutgeschrieben. Passende Leinw\u00e4nde finden sie\u00a0hier! Abholung des Beamers im Verkaufsladen an der Grubenstrasse 108...","og_url":"https:\/\/www.mieten24.ch\/?product=benq-beamer","og_site_name":"Mieten24","article_modified_time":"2018-10-23T11:52:19+00:00","og_image":[{"width":225,"height":225,"url":"https:\/\/www.mieten24.ch\/wp-content\/uploads\/2018\/09\/benq.jpg","type":"image\/jpeg"}],"twitter_card":"summary_large_image","schema":{"@context":"https:\/\/schema.org","@graph":[{"@type":"WebPage","@id":"https:\/\/www.mieten24.ch\/?product=benq-beamer","url":"https:\/\/www.mieten24.ch\/?product=benq-beamer","name":"BenQ Beamer - Mieten24","isPartOf":{"@id":"https:\/\/www.mieten24.ch\/#website"},"primaryImageOfPage":{"@id":"https:\/\/www.mieten24.ch\/?product=benq-beamer#primaryimage"},"image":{"@id":"https:\/\/www.mieten24.ch\/?product=benq-beamer#primaryimage"},"thumbnailUrl":"https:\/\/www.mieten24.ch\/wp-content\/uploads\/2018\/09\/benq.jpg","datePublished":"2018-09-01T08:37:05+00:00","dateModified":"2018-10-23T11:52:19+00:00","breadcrumb":{"@id":"https:\/\/www.mieten24.ch\/?product=benq-beamer#breadcrumb"},"inLanguage":"de","potentialAction":[{"@type":"ReadAction","target":["https:\/\/www.mieten24.ch\/?product=benq-beamer"]}]},{"@type":"ImageObject","inLanguage":"de","@id":"https:\/\/www.mieten24.ch\/?product=benq-beamer#primaryimage","url":"https:\/\/www.mieten24.ch\/wp-content\/uploads\/2018\/09\/benq.jpg","contentUrl":"https:\/\/www.mieten24.ch\/wp-content\/uploads\/2018\/09\/benq.jpg","width":225,"height":225,"caption":"benq"},{"@type":"BreadcrumbList","@id":"https:\/\/www.mieten24.ch\/?product=benq-beamer#breadcrumb","itemListElement":[{"@type":"ListItem","position":1,"name":"Startseite","item":"https:\/\/www.mieten24.ch\/"},{"@type":"ListItem","position":2,"name":"BenQ Beamer"}]},{"@type":"WebSite","@id":"https:\/\/www.mieten24.ch\/#website","url":"https:\/\/www.mieten24.ch\/","name":"Mieten24","description":"Mietger\u00e4te zum fairen Preis","publisher":{"@id":"https:\/\/www.mieten24.ch\/#organization"},"potentialAction":[{"@type":"SearchAction","target":{"@type":"EntryPoint","urlTemplate":"https:\/\/www.mieten24.ch\/?s={search_term_string}"},"query-input":{"@type":"PropertyValueSpecification","valueRequired":true,"valueName":"search_term_string"}}],"inLanguage":"de"},{"@type":"Organization","@id":"https:\/\/www.mieten24.ch\/#organization","name":"Mieten24","url":"https:\/\/www.mieten24.ch\/","logo":{"@type":"ImageObject","inLanguage":"de","@id":"https:\/\/www.mieten24.ch\/#\/schema\/logo\/image\/","url":"https:\/\/www.mieten24.ch\/wp-content\/uploads\/2018\/09\/mieten24.png","contentUrl":"https:\/\/www.mieten24.ch\/wp-content\/uploads\/2018\/09\/mieten24.png","width":640,"height":400,"caption":"Mieten24"},"image":{"@id":"https:\/\/www.mieten24.ch\/#\/schema\/logo\/image\/"}}]}},"_links":{"self":[{"href":"https:\/\/www.mieten24.ch\/index.php?rest_route=\/wp\/v2\/product\/40","targetHints":{"allow":["GET"]}}],"collection":[{"href":"https:\/\/www.mieten24.ch\/index.php?rest_route=\/wp\/v2\/product"}],"about":[{"href":"https:\/\/www.mieten24.ch\/index.php?rest_route=\/wp\/v2\/types\/product"}],"wp:featuredmedia":[{"embeddable":true,"href":"https:\/\/www.mieten24.ch\/index.php?rest_route=\/wp\/v2\/media\/41"}],"wp:attachment":[{"href":"https:\/\/www.mieten24.ch\/index.php?rest_route=%2Fwp%2Fv2%2Fmedia&parent=40"}],"wp:term":[{"taxonomy":"product_brand","embeddable":true,"href":"https:\/\/www.mieten24.ch\/index.php?rest_route=%2Fwp%2Fv2%2Fproduct_brand&post=40"},{"taxonomy":"product_cat","embeddable":true,"href":"https:\/\/www.mieten24.ch\/index.php?rest_route=%2Fwp%2Fv2%2Fproduct_cat&post=40"},{"taxonomy":"product_tag","embeddable":true,"href":"https:\/\/www.mieten24.ch\/index.php?rest_route=%2Fwp%2Fv2%2Fproduct_tag&post=40"}],"curies":[{"name":"wp","href":"https:\/\/api.w.org\/{rel}","templated":true}]}}